{"id":202,"date":"2026-04-20T16:12:45","date_gmt":"2026-04-20T13:12:45","guid":{"rendered":"https:\/\/moddbeta.online\/intaya\/?page_id=202"},"modified":"2026-04-30T15:57:58","modified_gmt":"2026-04-30T12:57:58","slug":"hakkimizda","status":"publish","type":"page","link":"https:\/\/moddbeta.online\/intaya\/hakkimizda\/","title":{"rendered":"Hakk\u0131m\u0131zda"},"content":{"rendered":"[vc_row type=&#8221;full_width_content&#8221; full_screen_row_position=&#8221;middle&#8221; column_margin=&#8221;default&#8221; equal_height=&#8221;yes&#8221; content_placement=&#8221;middle&#8221; column_direction=&#8221;default&#8221; column_direction_tablet=&#8221;default&#8221; column_direction_phone=&#8221;default&#8221; scene_position=&#8221;center&#8221; left_padding_desktop=&#8221;10%&#8221; constrain_group_2=&#8221;yes&#8221; right_padding_desktop=&#8221;10%&#8221; left_padding_phone=&#8221;20&#8243; constrain_group_6=&#8221;yes&#8221; right_padding_phone=&#8221;20&#8243; top_margin=&#8221;50&#8243; constrain_group_8=&#8221;yes&#8221; text_color=&#8221;dark&#8221; text_align=&#8221;left&#8221; row_border_radius=&#8221;none&#8221; row_border_radius_applies=&#8221;bg&#8221; row_position_desktop=&#8221;default&#8221; row_position_tablet=&#8221;inherit&#8221; row_position_phone=&#8221;inherit&#8221; overflow=&#8221;visible&#8221; overlay_strength=&#8221;0.3&#8243; gradient_direction=&#8221;left_to_right&#8221; shape_divider_position=&#8221;bottom&#8221; bg_image_animation=&#8221;none&#8221; gradient_type=&#8221;default&#8221; shape_type=&#8221;&#8221;][vc_column column_padding=&#8221;padding-3-percent&#8221; column_padding_tablet=&#8221;inherit&#8221; column_padding_phone=&#8221;inherit&#8221; column_padding_position=&#8221;all&#8221; column_element_direction_desktop=&#8221;default&#8221; column_element_spacing=&#8221;default&#8221; desktop_text_alignment=&#8221;default&#8221; tablet_text_alignment=&#8221;default&#8221; phone_text_alignment=&#8221;default&#8221; background_color_opacity=&#8221;1&#8243; background_hover_color_opacity=&#8221;1&#8243; column_backdrop_filter=&#8221;none&#8221; column_shadow=&#8221;none&#8221; column_border_radius=&#8221;none&#8221; column_link_target=&#8221;_self&#8221; column_position=&#8221;default&#8221; gradient_direction=&#8221;left_to_right&#8221; overlay_strength=&#8221;0.3&#8243; width=&#8221;1\/2&#8243; tablet_width_inherit=&#8221;default&#8221; animation_type=&#8221;default&#8221; bg_image_animation=&#8221;none&#8221; border_type=&#8221;simple&#8221; column_border_width=&#8221;none&#8221; column_border_style=&#8221;solid&#8221; column_padding_type=&#8221;default&#8221; content_layout=&#8221;default&#8221; gradient_type=&#8221;default&#8221;][image_with_animation image_url=&#8221;65&#8243; image_size=&#8221;full&#8221; max_width=&#8221;100%&#8221; max_width_mobile=&#8221;default&#8221; animation_type=&#8221;entrance&#8221; animation=&#8221;None&#8221; animation_movement_type=&#8221;transform_y&#8221; hover_animation=&#8221;none&#8221; alignment=&#8221;&#8221; border_radius=&#8221;none&#8221; box_shadow=&#8221;none&#8221; image_loading=&#8221;default&#8221;][\/vc_column][vc_column column_padding=&#8221;padding-3-percent&#8221; column_padding_tablet=&#8221;inherit&#8221; column_padding_phone=&#8221;inherit&#8221; column_padding_position=&#8221;all&#8221; column_element_direction_desktop=&#8221;default&#8221; column_element_spacing=&#8221;default&#8221; desktop_text_alignment=&#8221;default&#8221; tablet_text_alignment=&#8221;default&#8221; phone_text_alignment=&#8221;default&#8221; background_color_opacity=&#8221;1&#8243; background_hover_color_opacity=&#8221;1&#8243; column_backdrop_filter=&#8221;none&#8221; column_shadow=&#8221;none&#8221; column_border_radius=&#8221;none&#8221; column_link_target=&#8221;_self&#8221; column_position=&#8221;default&#8221; gradient_direction=&#8221;left_to_right&#8221; overlay_strength=&#8221;0.3&#8243; width=&#8221;1\/2&#8243; tablet_width_inherit=&#8221;default&#8221; animation_type=&#8221;default&#8221; bg_image_animation=&#8221;none&#8221; border_type=&#8221;simple&#8221; column_border_width=&#8221;none&#8221; column_border_style=&#8221;solid&#8221; column_padding_type=&#8221;default&#8221; content_layout=&#8221;default&#8221; gradient_type=&#8221;default&#8221;][vc_custom_heading text=&#8221;Hakk\u0131m\u0131zda&#8221; font_container=&#8221;tag:h2|font_size:36|text_align:left|line_height:50px&#8221; google_fonts=&#8221;font_family:Montserrat%3Aregular%2C700|font_style:400%20regular%3A400%3Anormal&#8221; css=&#8221;&#8221;][vc_custom_heading text=&#8221;INT. \u0130ntaya\u0130ntes \u0130n\u015faat Taahh\u00fct Yat\u0131r\u0131m Ticaret A.\u015e., bug\u00fcne kadar in\u015faat sekt\u00f6r\u00fcnde ger\u00e7ekle\u015ftirdi\u011fi altyap\u0131 ve \u00fcstyap\u0131 projeleriyle, T\u00fcrkiye\u2019nin \u00f6nde gelen in\u015faat taahh\u00fct ve yat\u0131r\u0131m \u015firketlerinden biridir.<\/p>\n<p>2005 y\u0131l\u0131nda kurulan \u0130ntaya \u0130n\u015faat Taahh\u00fct Yat\u0131r\u0131m A.\u015e., 1963 y\u0131l\u0131nda kurulmu\u015f olan ve T\u00fcrkiye\u2019nin \u00f6nde gelen altyap\u0131-\u00fcstyap\u0131 \u015firketlerinden biri olan \u0130ntes \u0130n\u015faat Sanayi ve Ticaret A.\u015e.\u2019yi 2008 y\u0131l\u0131nda b\u00fcnyesine katarak, kurumsal yap\u0131s\u0131n\u0131 g\u00fc\u00e7lendirmi\u015ftir. Hissedarlar\u0131 ayn\u0131 olan iki \u015firket, \u201cBirlikte Daha G\u00fc\u00e7l\u00fcy\u00fcz\u201d slogan\u0131yla Eyl\u00fcl 2019 y\u0131l\u0131nda birle\u015fmi\u015f ve bunun sonucunda kurulan INT. \u0130ntaya\u0130ntes \u0130n\u015faat Taahh\u00fct Yat\u0131r\u0131m Ticaret A.\u015e. T\u00fcrkiye\u2019nin en b\u00fcy\u00fck in\u015faat taahh\u00fct \u015firketlerinden biri haline gelmi\u015ftir.&#8221; font_container=&#8221;tag:p|text_align:left|color:rgba(10%2C10%2C10%2C0.6)&#8221; use_theme_fonts=&#8221;yes&#8221; css=&#8221;&#8221;][\/vc_column][\/vc_row][vc_row type=&#8221;full_width_content&#8221; full_screen_row_position=&#8221;middle&#8221; column_margin=&#8221;default&#8221; equal_height=&#8221;yes&#8221; content_placement=&#8221;middle&#8221; column_direction=&#8221;default&#8221; column_direction_tablet=&#8221;default&#8221; column_direction_phone=&#8221;default&#8221; scene_position=&#8221;center&#8221; left_padding_desktop=&#8221;10%&#8221; constrain_group_2=&#8221;yes&#8221; right_padding_desktop=&#8221;10%&#8221; left_padding_phone=&#8221;20&#8243; constrain_group_6=&#8221;yes&#8221; right_padding_phone=&#8221;20&#8243; bottom_margin=&#8221;30&#8243; constrain_group_8=&#8221;yes&#8221; text_color=&#8221;dark&#8221; text_align=&#8221;left&#8221; row_border_radius=&#8221;none&#8221; row_border_radius_applies=&#8221;bg&#8221; row_position_desktop=&#8221;default&#8221; row_position_tablet=&#8221;inherit&#8221; row_position_phone=&#8221;inherit&#8221; overflow=&#8221;visible&#8221; overlay_strength=&#8221;0.3&#8243; gradient_direction=&#8221;left_to_right&#8221; shape_divider_position=&#8221;bottom&#8221; bg_image_animation=&#8221;none&#8221; gradient_type=&#8221;default&#8221; shape_type=&#8221;&#8221;][vc_column column_padding=&#8221;padding-3-percent&#8221; column_padding_tablet=&#8221;inherit&#8221; column_padding_phone=&#8221;inherit&#8221; column_padding_position=&#8221;left-right&#8221; column_element_direction_desktop=&#8221;default&#8221; column_element_spacing=&#8221;default&#8221; desktop_text_alignment=&#8221;default&#8221; tablet_text_alignment=&#8221;default&#8221; phone_text_alignment=&#8221;default&#8221; background_color_opacity=&#8221;1&#8243; background_hover_color_opacity=&#8221;1&#8243; column_backdrop_filter=&#8221;none&#8221; column_shadow=&#8221;none&#8221; column_border_radius=&#8221;none&#8221; column_link_target=&#8221;_self&#8221; column_position=&#8221;default&#8221; gradient_direction=&#8221;left_to_right&#8221; overlay_strength=&#8221;0.3&#8243; width=&#8221;1\/1&#8243; tablet_width_inherit=&#8221;default&#8221; animation_type=&#8221;default&#8221; bg_image_animation=&#8221;none&#8221; border_type=&#8221;simple&#8221; column_border_width=&#8221;none&#8221; column_border_style=&#8221;solid&#8221; column_padding_type=&#8221;default&#8221; content_layout=&#8221;default&#8221; gradient_type=&#8221;default&#8221;][vc_custom_heading text=&#8221;Bug\u00fcne kadar ger\u00e7ekle\u015ftirdi\u011fi projelerle INT. \u0130ntaya\u0130ntes, yaln\u0131zca T\u00fcrkiye\u2019de de\u011fil, d\u00fcnya \u00f6l\u00e7e\u011finde de ba\u015far\u0131l\u0131 projelere imza atm\u0131\u015f uluslararas\u0131 bir y\u00fcklenicidir. Ba\u015fta T\u00fcrkiye olmak \u00fczere Avrupa, Orta Do\u011fu, Orta Asya, Afrika ve K\u00f6rfez \u00fclkelerinde ger\u00e7ekle\u015ftirdi\u011fi geni\u015f \u00e7apl\u0131 faaliyetleri konut projelerinden ofis binalar\u0131na, otellerden \u00fcniversitelere, resmi yap\u0131lardan altyap\u0131 projelerine, havaliman\u0131 yap\u0131lar\u0131ndan uydu kentlere kadar \u00e7e\u015fitlilik g\u00f6stermektedir.<\/p>\n<p>INT. \u0130ntaya\u0130ntes\u2019in farkl\u0131 uzmanl\u0131k alanlar\u0131n\u0131 i\u00e7eren kapsaml\u0131 portf\u00f6y\u00fc, yakla\u015f\u0131k 1.500.000 \u33a1 in\u015faat alan\u0131na sahip konut projelerini, 200.000 \u33a1 in\u015faat alan\u0131na sahip ofis ve rezidans projelerini i\u00e7ermekte olup \u00f6ne \u00e7\u0131kan projeleri aras\u0131nda Ad\u0131m \u0130stanbul, Evvel \u0130stanbul, 5. Levent, Nurol Tower, \u0130lbank Y\u00f6netim Merkezi, Shell T\u00fcrkiye Y\u00f6netim Merkezi, Be\u015fikta\u015f \u0130\u015f Merkezi yer almaktad\u0131r. Bu projelerle birlikte INT. \u0130ntaya\u0130ntes\u2019in portf\u00f6y\u00fc, \u0130ncirlik NATO \u00dcss\u00fc Hastane ve Y\u00f6netim Merkezi, Atat\u00fcrk Havaliman\u0131 Kargo Terminali, Mersin Coca Cola Fabrikas\u0131, The Marmara Pera Hotel, Tekirova Rixos Hotel, Ye\u015filk\u00f6y International Hospital, Bezmialem \u00dcniversitesi gibi ofis, sa\u011fl\u0131k, turizm, e\u011fitim, sanayi yap\u0131lar\u0131 olmak \u00fczere toplam in\u015fa hacmi 3.000.000 \u33a1\u2019ye yakla\u015fan projeleri i\u00e7ermektedir.<\/p>\n<p>2013-2018 y\u0131llar\u0131 aras\u0131nda toplam de\u011feri 689.456.184 USD olan yurti\u00e7i ve yurtd\u0131\u015f\u0131 projeyi tamamlayarak teslim etmi\u015ftir. TS EN ISO 9001: 2015 Kalite Y\u00f6netim Sistemi, TS EN ISO 14001: 2015 \u00c7evre Y\u00f6netim Sistemi, OHSAS 18001: 2007 sertifikalar\u0131na sahip olan INT. \u0130ntaya\u0130ntes uluslararas\u0131 bir y\u00fcklenici olarak ya\u015fama de\u011fer katan yap\u0131lar \u00fcretmeye devam etmektedir.&#8221; font_container=&#8221;tag:p|text_align:left|color:rgba(10%2C10%2C10%2C0.6)&#8221; use_theme_fonts=&#8221;yes&#8221; css=&#8221;&#8221;][\/vc_column][\/vc_row][vc_row type=&#8221;full_width_content&#8221; full_screen_row_position=&#8221;middle&#8221; column_margin=&#8221;default&#8221; equal_height=&#8221;yes&#8221; content_placement=&#8221;middle&#8221; column_direction=&#8221;default&#8221; column_direction_tablet=&#8221;default&#8221; column_direction_phone=&#8221;default&#8221; bg_image=&#8221;88&#8243; bg_image_type=&#8221;default&#8221; bg_position=&#8221;center center&#8221; background_image_loading=&#8221;default&#8221; bg_repeat=&#8221;no-repeat&#8221; scene_position=&#8221;center&#8221; top_padding=&#8221;30&#8243; constrain_group_1=&#8221;yes&#8221; bottom_padding=&#8221;30&#8243; left_padding_desktop=&#8221;8%&#8221; constrain_group_2=&#8221;yes&#8221; right_padding_desktop=&#8221;8%&#8221; top_margin=&#8221;50&#8243; text_color=&#8221;custom&#8221; custom_text_color=&#8221;#FFFFFF&#8221; text_align=&#8221;left&#8221; row_border_radius=&#8221;none&#8221; row_border_radius_applies=&#8221;bg&#8221; row_position_desktop=&#8221;default&#8221; row_position_tablet=&#8221;inherit&#8221; row_position_phone=&#8221;inherit&#8221; overflow=&#8221;visible&#8221; color_overlay=&#8221;#000000&#8243; color_overlay_2=&#8221;#000000&#8243; overlay_strength=&#8221;0.3&#8243; gradient_direction=&#8221;left_to_right&#8221; shape_divider_position=&#8221;bottom&#8221; bg_image_animation=&#8221;none&#8221; shape_type=&#8221;&#8221; gradient_type=&#8221;default&#8221;][vc_column column_padding=&#8221;padding-2-percent&#8221; column_padding_tablet=&#8221;inherit&#8221; column_padding_phone=&#8221;inherit&#8221; column_padding_position=&#8221;right&#8221; flex_gap_desktop=&#8221;10px&#8221; column_element_direction_desktop=&#8221;default&#8221; column_element_spacing=&#8221;default&#8221; desktop_text_alignment=&#8221;default&#8221; tablet_text_alignment=&#8221;default&#8221; phone_text_alignment=&#8221;default&#8221; background_color_opacity=&#8221;1&#8243; background_hover_color_opacity=&#8221;1&#8243; column_backdrop_filter=&#8221;none&#8221; column_shadow=&#8221;none&#8221; column_border_radius=&#8221;none&#8221; column_link_target=&#8221;_self&#8221; column_position=&#8221;default&#8221; gradient_direction=&#8221;left_to_right&#8221; overlay_strength=&#8221;0.3&#8243; width=&#8221;1\/3&#8243; tablet_width_inherit=&#8221;default&#8221; animation_type=&#8221;default&#8221; bg_image_animation=&#8221;none&#8221; border_type=&#8221;simple&#8221; column_border_width=&#8221;none&#8221; column_border_style=&#8221;solid&#8221;][vc_column_text css=&#8221;&#8221; text_direction=&#8221;default&#8221;]\n<h2>Temel \u0130lkelerimiz<\/h2>\n[\/vc_column_text][vc_column_text css=&#8221;.vc_custom_1775564263898{padding-right: 10% !important;}&#8221; text_direction=&#8221;default&#8221;]\u0130\u015f yapma bi\u00e7imizi belirleyen ve firma felsefemizi \u00f6zetleyen d\u00f6rt temel ilkemiz:[\/vc_column_text][\/vc_column][vc_column column_padding=&#8221;no-extra-padding&#8221; column_padding_tablet=&#8221;inherit&#8221; column_padding_phone=&#8221;inherit&#8221; column_padding_position=&#8221;all&#8221; flex_gap_desktop=&#8221;10px&#8221; column_element_direction_desktop=&#8221;default&#8221; column_element_spacing=&#8221;default&#8221; desktop_text_alignment=&#8221;default&#8221; tablet_text_alignment=&#8221;default&#8221; phone_text_alignment=&#8221;default&#8221; background_color_opacity=&#8221;1&#8243; background_hover_color_opacity=&#8221;1&#8243; column_backdrop_filter=&#8221;none&#8221; column_shadow=&#8221;none&#8221; column_border_radius=&#8221;none&#8221; column_link_target=&#8221;_self&#8221; column_position=&#8221;default&#8221; gradient_direction=&#8221;left_to_right&#8221; overlay_strength=&#8221;0.3&#8243; width=&#8221;2\/3&#8243; tablet_width_inherit=&#8221;default&#8221; animation_type=&#8221;default&#8221; bg_image_animation=&#8221;none&#8221; border_type=&#8221;simple&#8221; column_border_width=&#8221;none&#8221; column_border_style=&#8221;solid&#8221;][vc_row_inner column_margin=&#8221;none&#8221; column_direction=&#8221;default&#8221; column_direction_tablet=&#8221;default&#8221; column_direction_phone=&#8221;default&#8221; text_align=&#8221;left&#8221; row_position=&#8221;default&#8221; row_position_tablet=&#8221;inherit&#8221; row_position_phone=&#8221;inherit&#8221; overflow=&#8221;visible&#8221; pointer_events=&#8221;all&#8221;][vc_column_inner column_padding=&#8221;padding-2-percent&#8221; column_padding_tablet=&#8221;inherit&#8221; column_padding_phone=&#8221;inherit&#8221; column_padding_position=&#8221;all&#8221; column_element_direction_desktop=&#8221;default&#8221; column_element_spacing=&#8221;default&#8221; desktop_text_alignment=&#8221;default&#8221; tablet_text_alignment=&#8221;default&#8221; phone_text_alignment=&#8221;default&#8221; background_color_opacity=&#8221;1&#8243; background_hover_color_opacity=&#8221;1&#8243; column_backdrop_filter=&#8221;none&#8221; column_shadow=&#8221;none&#8221; column_border_radius=&#8221;none&#8221; column_link_target=&#8221;_self&#8221; overflow=&#8221;visible&#8221; gradient_direction=&#8221;left_to_right&#8221; overlay_strength=&#8221;0.3&#8243; width=&#8221;1\/2&#8243; tablet_width_inherit=&#8221;default&#8221; animation_type=&#8221;default&#8221; bg_image_animation=&#8221;none&#8221; border_type=&#8221;simple&#8221; column_border_width=&#8221;none&#8221; column_border_color=&#8221;#FFFFFF75&#8243; column_border_style=&#8221;solid&#8221; column_padding_type=&#8221;default&#8221; content_layout=&#8221;default&#8221; gradient_type=&#8221;default&#8221;][fancy_box box_style=&#8221;color_box_hover&#8221; icon_family=&#8221;iconsmind&#8221; color=&#8221;accent-color&#8221; color_custom=&#8221;#F4313F&#8221; color_box_hover_overlay_opacity=&#8221;0.1&#8243; box_alignment=&#8221;left&#8221; enable_border=&#8221;true&#8221; border_radius=&#8221;5px&#8221; image_loading=&#8221;default&#8221; color_scheme=&#8221;dark&#8221; secondary_content=&#8221;here&#8217;s some awesome text that would only be shown on hover&#8221; icon_iconsmind=&#8221;iconsmind-Office&#8221; min_height=&#8221;150&#8243;]\n<h4 style=\"color: white;\">Kal\u0131c\u0131 Yap\u0131larla \u015eehirleri D\u00f6n\u00fc\u015ft\u00fcrmek<\/h4>\n<p><span style=\"color: white;\">Kal\u0131c\u0131 yap\u0131lar in\u015fa ederek \u015fehirleri d\u00f6n\u00fc\u015ft\u00fcrmek, insanlar\u0131n ya\u015fam\u0131 ve faaliyetleri i\u00e7in modern alanlar yaratmak misyonumuzun bir par\u00e7as\u0131d\u0131r. Faaliyetimizin temel amac\u0131 \u015fehrin esteti\u011fine katk\u0131 sa\u011flayan de\u011ferli yap\u0131lar in\u015fa ederek, estetik ve fonksiyonelli\u011fin ideal birle\u015fimini olu\u015fturmakt\u0131r.<\/span>[\/fancy_box][fancy_box box_style=&#8221;color_box_hover&#8221; icon_family=&#8221;iconsmind&#8221; image_url=&#8221;74&#8243; color=&#8221;extra-color-1&#8243; color_custom=&#8221;#F4313F&#8221; color_box_hover_overlay_opacity=&#8221;0.1&#8243; box_alignment=&#8221;left&#8221; enable_border=&#8221;true&#8221; border_radius=&#8221;5px&#8221; image_loading=&#8221;default&#8221; color_scheme=&#8221;dark&#8221; secondary_content=&#8221;here&#8217;s some awesome text that would only be shown on hover&#8221; icon_iconsmind=&#8221;iconsmind-Environmental-3&#8243; min_height=&#8221;150&#8243;]\n<h4 style=\"color: white;\">\u0130\u015fimizi B\u00fcy\u00fctmek<\/h4>\n<p><span style=\"color: white;\">Mimari kaliteyi, kullan\u0131c\u0131 ihtiya\u00e7lar\u0131n\u0131 ve \u00e7evresel uyumu bir araya getirerek uzun \u00f6m\u00fcrl\u00fc ve de\u011fer odakl\u0131 projeler geli\u015ftiriyoruz.<\/span>[\/fancy_box][\/vc_column_inner][vc_column_inner column_padding=&#8221;padding-2-percent&#8221; column_padding_tablet=&#8221;inherit&#8221; column_padding_phone=&#8221;inherit&#8221; column_padding_position=&#8221;all&#8221; flex_gap_desktop=&#8221;10px&#8221; column_element_direction_desktop=&#8221;default&#8221; column_element_spacing=&#8221;default&#8221; desktop_text_alignment=&#8221;default&#8221; tablet_text_alignment=&#8221;default&#8221; phone_text_alignment=&#8221;default&#8221; background_color_opacity=&#8221;1&#8243; background_hover_color_opacity=&#8221;1&#8243; column_backdrop_filter=&#8221;none&#8221; column_shadow=&#8221;none&#8221; column_border_radius=&#8221;none&#8221; column_link_target=&#8221;_self&#8221; overflow=&#8221;visible&#8221; gradient_direction=&#8221;left_to_right&#8221; overlay_strength=&#8221;0.3&#8243; width=&#8221;1\/2&#8243; tablet_width_inherit=&#8221;default&#8221; animation_type=&#8221;default&#8221; bg_image_animation=&#8221;none&#8221; border_type=&#8221;simple&#8221; column_border_width=&#8221;none&#8221; column_border_style=&#8221;solid&#8221;][fancy_box box_style=&#8221;color_box_hover&#8221; icon_family=&#8221;iconsmind&#8221; color=&#8221;accent-color&#8221; color_custom=&#8221;#F4313F&#8221; color_box_hover_overlay_opacity=&#8221;0.1&#8243; box_alignment=&#8221;left&#8221; enable_border=&#8221;true&#8221; border_radius=&#8221;5px&#8221; image_loading=&#8221;default&#8221; color_scheme=&#8221;dark&#8221; secondary_content=&#8221;here&#8217;s some awesome text that would only be shown on hover&#8221; icon_iconsmind=&#8221;iconsmind-Star&#8221; min_height=&#8221;150&#8243;]\n<h4 style=\"color: white;\">Toplumu G\u00fc\u00e7lendirmek<\/h4>\n<p><span style=\"color: white;\">Her zaman g\u00fc\u00e7l\u00fc ve istikrarl\u0131 topluluklar\u0131n ba\u015far\u0131l\u0131 i\u015f kurman\u0131n hayati temelleri oldu\u011funa inand\u0131k. Sahip oldu\u011fumuz etki pek \u00e7ok anlama geliyor: i\u015fimiz g\u00fc\u00e7leniyor, aile ya\u015famlar\u0131m\u0131z zenginle\u015fiyor, gelecek nesiller daha fazla f\u0131rsata sahip oluyor ve toplumdaki herkes kendini \u00f6nemli bir \u015feyin par\u00e7as\u0131 olarak hissediyor.<\/span>[\/fancy_box][fancy_box box_style=&#8221;color_box_hover&#8221; icon_family=&#8221;iconsmind&#8221; color=&#8221;accent-color&#8221; color_custom=&#8221;#F4313F&#8221; color_box_hover_overlay_opacity=&#8221;0.1&#8243; box_alignment=&#8221;left&#8221; enable_border=&#8221;true&#8221; border_radius=&#8221;5px&#8221; image_loading=&#8221;default&#8221; color_scheme=&#8221;dark&#8221; secondary_content=&#8221;here&#8217;s some awesome text that would only be shown on hover&#8221; icon_iconsmind=&#8221;iconsmind-Diamond&#8221; min_height=&#8221;150&#8243;]\n<h4 style=\"color: white;\">Uzun Vadeli De\u011fer<\/h4>\n<p><span style=\"color: white;\">Bug\u00fcn\u00fcn ihtiya\u00e7lar\u0131na cevap verirken gelece\u011fi de g\u00f6zeten yakla\u015f\u0131m\u0131m\u0131zla, ya\u015fam ve yat\u0131r\u0131m a\u00e7\u0131s\u0131ndan kal\u0131c\u0131 fayda sa\u011flayan projeler \u00fcretiyoruz.<\/span>[\/fancy_box][\/vc_column_inner][\/vc_row_inner][\/vc_column][\/vc_row]\n","protected":false},"excerpt":{"rendered":"<p>[vc_row type=&#8221;full_width_content&#8221; full_screen_row_position=&#8221;middle&#8221; column_margin=&#8221;default&#8221; equal_height=&#8221;yes&#8221; content_placement=&#8221;middle&#8221; column_direction=&#8221;default&#8221; column_direction_tablet=&#8221;default&#8221; column_direction_phone=&#8221;default&#8221; scene_position=&#8221;center&#8221; left_padding_desktop=&#8221;10%&#8221; constrain_group_2=&#8221;yes&#8221; right_padding_desktop=&#8221;10%&#8221; left_padding_phone=&#8221;20&#8243; constrain_group_6=&#8221;yes&#8221; right_padding_phone=&#8221;20&#8243; top_margin=&#8221;50&#8243; constrain_group_8=&#8221;yes&#8221; text_color=&#8221;dark&#8221; text_align=&#8221;left&#8221; row_border_radius=&#8221;none&#8221; row_border_radius_applies=&#8221;bg&#8221; row_position_desktop=&#8221;default&#8221; row_position_tablet=&#8221;inherit&#8221; row_position_phone=&#8221;inherit&#8221; overflow=&#8221;visible&#8221; overlay_strength=&#8221;0.3&#8243; gradient_direction=&#8221;left_to_right&#8221; shape_divider_position=&#8221;bottom&#8221; bg_image_animation=&#8221;none&#8221;&#8230;<\/p>\n","protected":false},"author":1,"featured_media":0,"parent":0,"menu_order":0,"comment_status":"closed","ping_status":"closed","template":"","meta":{"footnotes":""},"class_list":["post-202","page","type-page","status-publish"],"_links":{"self":[{"href":"https:\/\/moddbeta.online\/intaya\/wp-json\/wp\/v2\/pages\/202","targetHints":{"allow":["GET"]}}],"collection":[{"href":"https:\/\/moddbeta.online\/intaya\/wp-json\/wp\/v2\/pages"}],"about":[{"href":"https:\/\/moddbeta.online\/intaya\/wp-json\/wp\/v2\/types\/page"}],"author":[{"embeddable":true,"href":"https:\/\/moddbeta.online\/intaya\/wp-json\/wp\/v2\/users\/1"}],"replies":[{"embeddable":true,"href":"https:\/\/moddbeta.online\/intaya\/wp-json\/wp\/v2\/comments?post=202"}],"version-history":[{"count":8,"href":"https:\/\/moddbeta.online\/intaya\/wp-json\/wp\/v2\/pages\/202\/revisions"}],"predecessor-version":[{"id":661,"href":"https:\/\/moddbeta.online\/intaya\/wp-json\/wp\/v2\/pages\/202\/revisions\/661"}],"wp:attachment":[{"href":"https:\/\/moddbeta.online\/intaya\/wp-json\/wp\/v2\/media?parent=202"}],"curies":[{"name":"wp","href":"https:\/\/api.w.org\/{rel}","templated":true}]}}