{"id":238,"date":"2026-04-27T16:17:50","date_gmt":"2026-04-27T13:17:50","guid":{"rendered":"https:\/\/moddbeta.online\/intaya\/?page_id=238"},"modified":"2026-04-30T16:14:44","modified_gmt":"2026-04-30T13:14:44","slug":"yonetim-kurulu-baskaninin-mesaji","status":"publish","type":"page","link":"https:\/\/moddbeta.online\/intaya\/yonetim-kurulu-baskaninin-mesaji\/","title":{"rendered":"Y\u00f6netim Kurulu Ba\u015fkan\u0131n\u0131n Mesaj\u0131"},"content":{"rendered":"[vc_row type=&#8221;full_width_background&#8221; full_screen_row_position=&#8221;middle&#8221; column_margin=&#8221;default&#8221; column_direction=&#8221;default&#8221; column_direction_tablet=&#8221;default&#8221; column_direction_phone=&#8221;default&#8221; bg_color=&#8221;#000000&#8243; scene_position=&#8221;center&#8221; top_padding=&#8221;150&#8243; bottom_padding=&#8221;100&#8243; top_padding_phone=&#8221;40&#8243; bottom_padding_phone=&#8221;60&#8243; text_color=&#8221;dark&#8221; text_align=&#8221;left&#8221; row_border_radius=&#8221;none&#8221; row_border_radius_applies=&#8221;bg&#8221; row_position_desktop=&#8221;default&#8221; row_position_tablet=&#8221;inherit&#8221; row_position_phone=&#8221;inherit&#8221; overflow=&#8221;visible&#8221; overlay_strength=&#8221;0.3&#8243; gradient_direction=&#8221;left_to_right&#8221; shape_divider_position=&#8221;bottom&#8221; bg_image_animation=&#8221;none&#8221; gradient_type=&#8221;default&#8221; shape_type=&#8221;&#8221;][vc_column column_padding=&#8221;no-extra-padding&#8221; column_padding_tablet=&#8221;inherit&#8221; column_padding_phone=&#8221;inherit&#8221; column_padding_position=&#8221;all&#8221; flex_gap_desktop=&#8221;10px&#8221; column_element_direction_desktop=&#8221;default&#8221; column_element_spacing=&#8221;default&#8221; desktop_text_alignment=&#8221;default&#8221; tablet_text_alignment=&#8221;default&#8221; phone_text_alignment=&#8221;default&#8221; background_color_opacity=&#8221;1&#8243; background_hover_color_opacity=&#8221;1&#8243; column_backdrop_filter=&#8221;none&#8221; column_shadow=&#8221;none&#8221; column_border_radius=&#8221;none&#8221; column_link_target=&#8221;_self&#8221; column_position=&#8221;default&#8221; gradient_direction=&#8221;left_to_right&#8221; overlay_strength=&#8221;0.3&#8243; width=&#8221;1\/1&#8243; tablet_width_inherit=&#8221;default&#8221; animation_type=&#8221;default&#8221; bg_image_animation=&#8221;none&#8221; border_type=&#8221;simple&#8221; column_border_width=&#8221;none&#8221; column_border_style=&#8221;solid&#8221;][vc_custom_heading text=&#8221;Y\u00d6NET\u0130M KURULU BA\u015eKANININ MESAJI&#8221; font_container=&#8221;tag:h2|text_align:center|color:%23FFFFFF&#8221; use_theme_fonts=&#8221;yes&#8221; css=&#8221;&#8221;][\/vc_column][\/vc_row][vc_row type=&#8221;full_width_background&#8221; full_screen_row_position=&#8221;middle&#8221; column_margin=&#8221;default&#8221; equal_height=&#8221;yes&#8221; content_placement=&#8221;middle&#8221; column_direction=&#8221;default&#8221; column_direction_tablet=&#8221;default&#8221; column_direction_phone=&#8221;default&#8221; scene_position=&#8221;center&#8221; top_padding=&#8221;3%&#8221; bottom_padding=&#8221;5%&#8221; top_padding_phone=&#8221;70&#8243; bottom_padding_phone=&#8221;50&#8243; text_color=&#8221;custom&#8221; custom_text_color=&#8221;#000000&#8243; text_align=&#8221;left&#8221; row_border_radius=&#8221;none&#8221; row_border_radius_applies=&#8221;bg&#8221; row_position_desktop=&#8221;default&#8221; row_position_tablet=&#8221;inherit&#8221; row_position_phone=&#8221;inherit&#8221; overflow=&#8221;visible&#8221; overlay_strength=&#8221;0.3&#8243; gradient_direction=&#8221;left_to_right&#8221; shape_divider_position=&#8221;bottom&#8221; bg_image_animation=&#8221;none&#8221; gradient_type=&#8221;default&#8221; shape_type=&#8221;&#8221;][vc_column column_padding=&#8221;no-extra-padding&#8221; column_padding_tablet=&#8221;inherit&#8221; column_padding_phone=&#8221;inherit&#8221; column_padding_position=&#8221;all&#8221; flex_gap_desktop=&#8221;10px&#8221; column_element_direction_desktop=&#8221;default&#8221; column_element_spacing=&#8221;default&#8221; desktop_text_alignment=&#8221;default&#8221; tablet_text_alignment=&#8221;default&#8221; phone_text_alignment=&#8221;default&#8221; background_color_opacity=&#8221;1&#8243; background_hover_color_opacity=&#8221;1&#8243; column_backdrop_filter=&#8221;none&#8221; column_shadow=&#8221;none&#8221; column_border_radius=&#8221;none&#8221; column_link_target=&#8221;_self&#8221; column_position=&#8221;default&#8221; gradient_direction=&#8221;left_to_right&#8221; overlay_strength=&#8221;0.3&#8243; width=&#8221;1\/1&#8243; tablet_width_inherit=&#8221;default&#8221; animation_type=&#8221;default&#8221; bg_image_animation=&#8221;none&#8221; border_type=&#8221;simple&#8221; column_border_width=&#8221;none&#8221; column_border_style=&#8221;solid&#8221;][vc_row_inner column_margin=&#8221;default&#8221; column_direction=&#8221;default&#8221; column_direction_tablet=&#8221;default&#8221; column_direction_phone=&#8221;default&#8221; text_align=&#8221;left&#8221; row_position=&#8221;default&#8221; row_position_tablet=&#8221;inherit&#8221; row_position_phone=&#8221;inherit&#8221; overflow=&#8221;visible&#8221; pointer_events=&#8221;all&#8221;][vc_column_inner column_padding=&#8221;no-extra-padding&#8221; column_padding_tablet=&#8221;inherit&#8221; column_padding_phone=&#8221;inherit&#8221; column_padding_position=&#8221;all&#8221; flex_gap_desktop=&#8221;10px&#8221; column_element_direction_desktop=&#8221;default&#8221; column_element_spacing=&#8221;default&#8221; desktop_text_alignment=&#8221;default&#8221; tablet_text_alignment=&#8221;default&#8221; phone_text_alignment=&#8221;default&#8221; background_color_opacity=&#8221;1&#8243; background_hover_color_opacity=&#8221;1&#8243; column_backdrop_filter=&#8221;none&#8221; column_shadow=&#8221;none&#8221; column_border_radius=&#8221;none&#8221; column_link_target=&#8221;_self&#8221; overflow=&#8221;visible&#8221; gradient_direction=&#8221;left_to_right&#8221; overlay_strength=&#8221;0.3&#8243; width=&#8221;1\/1&#8243; tablet_width_inherit=&#8221;default&#8221; animation_type=&#8221;default&#8221; bg_image_animation=&#8221;none&#8221; border_type=&#8221;simple&#8221; column_border_width=&#8221;none&#8221; column_border_style=&#8221;solid&#8221;][vc_column_text css=&#8221;&#8221; text_direction=&#8221;default&#8221;]INT. \u0130ntaya\u0130ntes ailesi olarak yar\u0131m y\u00fczy\u0131la uzanan bilgi ve deneyimimizle, yurti\u00e7i ve yurtd\u0131\u015f\u0131nda sekt\u00f6r\u00fcm\u00fcz\u00fcn \u00f6nde gelen, k\u00f6kl\u00fc ve sayg\u0131n kurumlar\u0131ndan biriyiz.<\/p>\n<p>Kuruldu\u011fumuz g\u00fcnden bug\u00fcne insana, hukuka ve topluma sayg\u0131y\u0131 esas alan yap\u0131m\u0131zla, kaliteli ve g\u00fcvenli ya\u015fam, i\u015f ve \u00fcretim alanlar\u0131 in\u015fa etmek temel hedefimiz olmu\u015ftur. Y\u0131llar boyunca edindi\u011fimiz deneyimleri \u015firket k\u00fclt\u00fcr\u00fcm\u00fczle harmanlayarak ya\u015fama, \u00e7evreye ve \u00e7al\u0131\u015fanlar\u0131m\u0131za kar\u015f\u0131 daima sorumluluk bilinci i\u00e7erisinde hareket ettik.<\/p>\n<p>Bilgi, deneyim ve teknolojiyi birle\u015ftirerek in\u015fa etti\u011fimiz \u00e7a\u011fda\u015f standartlara sahip yap\u0131lar\u0131, do\u011fru zamanlama, \u00fcst d\u00fczey kalite anlay\u0131\u015f\u0131 ve de\u011fer m\u00fchendisli\u011fi ile y\u00f6neterek ger\u00e7ekle\u015ftirdik. Y\u00fcklendi\u011fimiz projelerde m\u00fc\u015fteri isteklerini kar\u015f\u0131lamay\u0131 ve m\u00fc\u015fteri beklentilerinin \u00f6tesine ge\u00e7meyi ana politikam\u0131z olarak benimsedik.<\/p>\n<p>Konut projelerinden ofis binalar\u0131na, otellerden \u00fcniversitelere, resmi yap\u0131lardan altyap\u0131 projelerine, havaliman\u0131 yap\u0131lar\u0131ndan uydu kentlere uzanan geni\u015f portf\u00f6y\u00fcm\u00fczle, \u00fclke ekonomimize katma de\u011fer sa\u011fl\u0131yoruz. Konut, ofis, sa\u011fl\u0131k, turizm, e\u011fitim, fabrika yap\u0131lar\u0131 ve altyap\u0131 projeleriyle, d\u00fcnyan\u0131n yap\u0131la\u015fma potansiyeline sahip b\u00f6lgelerinde faaliyetlerimize devam ediyoruz.<\/p>\n<p>Bug\u00fcn, ger\u00e7ekle\u015ftirdi\u011fimiz projelerle uluslararas\u0131 bir y\u00fcklenici haline gelmemizin ve b\u00fcy\u00fck \u00f6l\u00e7ekli projelere imza atmam\u0131z\u0131n ard\u0131nda, e\u011fitimli ve \u00f6zverili \u00e7al\u0131\u015fan ekiplerimiz ile deneyimli ve profesyonel y\u00f6netim kadromuz vard\u0131r.<\/p>\n<p>Yar\u0131m y\u00fczy\u0131ll\u0131k sekt\u00f6rel birikimi ve finansal g\u00fcc\u00fcyle faaliyet g\u00f6steren INT. \u0130ntaya\u0130ntes, insan hayat\u0131na de\u011fer katan projeler tasarlamaya ve uygulamaya, gelece\u011fin T\u00fcrkiye\u2019si ve yak\u0131n co\u011frafyalar i\u00e7in \u201cuygarl\u0131\u011f\u0131 in\u015fa etme\u201dye devam ediyor.<\/p>\n<p>Sayg\u0131lar\u0131mla,<\/p>\n<p>Mehmet \u00c7EKER<br \/>\nY\u00f6netim Kurulu Ba\u015fkan\u0131[\/vc_column_text][\/vc_column_inner][\/vc_row_inner][divider line_type=&#8221;No Line&#8221;][\/vc_column][\/vc_row]\n","protected":false},"excerpt":{"rendered":"<p>[vc_row type=&#8221;full_width_background&#8221; full_screen_row_position=&#8221;middle&#8221; column_margin=&#8221;default&#8221; column_direction=&#8221;default&#8221; column_direction_tablet=&#8221;default&#8221; column_direction_phone=&#8221;default&#8221; bg_color=&#8221;#000000&#8243; scene_position=&#8221;center&#8221; top_padding=&#8221;150&#8243; bottom_padding=&#8221;100&#8243; top_padding_phone=&#8221;40&#8243; bottom_padding_phone=&#8221;60&#8243; text_color=&#8221;dark&#8221; text_align=&#8221;left&#8221; row_border_radius=&#8221;none&#8221; row_border_radius_applies=&#8221;bg&#8221; row_position_desktop=&#8221;default&#8221; row_position_tablet=&#8221;inherit&#8221; row_position_phone=&#8221;inherit&#8221; overflow=&#8221;visible&#8221; overlay_strength=&#8221;0.3&#8243; gradient_direction=&#8221;left_to_right&#8221; shape_divider_position=&#8221;bottom&#8221; bg_image_animation=&#8221;none&#8221; gradient_type=&#8221;default&#8221; shape_type=&#8221;&#8221;][vc_column column_padding=&#8221;no-extra-padding&#8221; column_padding_tablet=&#8221;inherit&#8221; column_padding_phone=&#8221;inherit&#8221;&#8230;<\/p>\n","protected":false},"author":1,"featured_media":0,"parent":0,"menu_order":0,"comment_status":"closed","ping_status":"closed","template":"","meta":{"footnotes":""},"class_list":["post-238","page","type-page","status-publish"],"_links":{"self":[{"href":"https:\/\/moddbeta.online\/intaya\/wp-json\/wp\/v2\/pages\/238","targetHints":{"allow":["GET"]}}],"collection":[{"href":"https:\/\/moddbeta.online\/intaya\/wp-json\/wp\/v2\/pages"}],"about":[{"href":"https:\/\/moddbeta.online\/intaya\/wp-json\/wp\/v2\/types\/page"}],"author":[{"embeddable":true,"href":"https:\/\/moddbeta.online\/intaya\/wp-json\/wp\/v2\/users\/1"}],"replies":[{"embeddable":true,"href":"https:\/\/moddbeta.online\/intaya\/wp-json\/wp\/v2\/comments?post=238"}],"version-history":[{"count":7,"href":"https:\/\/moddbeta.online\/intaya\/wp-json\/wp\/v2\/pages\/238\/revisions"}],"predecessor-version":[{"id":668,"href":"https:\/\/moddbeta.online\/intaya\/wp-json\/wp\/v2\/pages\/238\/revisions\/668"}],"wp:attachment":[{"href":"https:\/\/moddbeta.online\/intaya\/wp-json\/wp\/v2\/media?parent=238"}],"curies":[{"name":"wp","href":"https:\/\/api.w.org\/{rel}","templated":true}]}}